{"id":63,"date":"2024-06-22T06:04:22","date_gmt":"2024-06-22T06:04:22","guid":{"rendered":"http:\/\/holzbau-mieckley.com\/?page_id=63"},"modified":"2024-10-10T11:06:38","modified_gmt":"2024-10-10T11:06:38","slug":"ehrenamtliche-arbeit","status":"publish","type":"page","link":"https:\/\/holzbau-mieckley.com\/?page_id=63","title":{"rendered":"Ehrenamtliche Arbeit"},"content":{"rendered":"\n<h1 class=\"wp-block-heading\">Engagement f\u00fcr Kinder und Jugendliche<\/h1>\n\n\n\n<p>Als Familienvater und Ehrenamtler engagiere ich mich f\u00fcr Kinder und Jugendliche. Durch das Reisen und Erwandern bekannter und fremder Kulturr\u00e4ume wird das Selbstbewusstsein und die Weitsicht gest\u00e4rkt. In gemeinsamen Bauprojekten f\u00f6rdere ich das Selbstbewusstsein und die F\u00e4higkeit, mit eigenen H\u00e4nden Dinge zu erschaffen! Das macht die jungen Menschen fit f\u00fcr die Zukunft.<\/p>\n\n\n\n<h2 class=\"wp-block-heading\">Ehrenamtliche Bauprojekte<\/h2>\n\n\n\n<p>In Zusammenarbeit mit jungen Menschen und deren F\u00f6rderern setze ich mich f\u00fcr verschiedene Bauprojekte ein. Einige Beispiele sind:<\/p>\n\n\n\n<ul class=\"wp-block-list\">\n<li><strong>Enno Narten Bau<\/strong> auf der Jugendburg Ludwigstein (Hessen)<\/li>\n\n\n\n<li><strong>Johanneshammer<\/strong> (Bergisches Land)<\/li>\n\n\n\n<li><strong>Sch\u00e4ferwagen f\u00fcr Jugendgruppe<\/strong> (Hattingen)<\/li>\n\n\n\n<li><strong>Kochshof<\/strong> (Odenthal-Bergisches Land)<\/li>\n<\/ul>\n\n\n\n<p>Durch diese Projekte lernen die Jugendlichen nicht nur handwerkliche F\u00e4higkeiten, sondern auch Teamarbeit und Verantwortung. Es ist eine wertvolle Erfahrung, die sie ein Leben lang begleiten wird.<\/p>\n\n\n\n<p><\/p>\n\n\n\n<p><\/p>\n\n\n\n<p><\/p>\n\n\n\n<div class=\"wp-block-jetpack-tiled-gallery aligncenter is-style-rectangular\"><div class=\"\"><div class=\"tiled-gallery__gallery\"><div class=\"tiled-gallery__row\"><div class=\"tiled-gallery__col\" style=\"flex-basis:66.63182%\"><figure class=\"tiled-gallery__item\"><img decoding=\"async\" srcset=\"https:\/\/i2.wp.com\/holzbau-mieckley.com\/wp-content\/uploads\/2024\/10\/Enno-Narten-Bau.jpg?strip=info&#038;w=600 600w,https:\/\/i2.wp.com\/holzbau-mieckley.com\/wp-content\/uploads\/2024\/10\/Enno-Narten-Bau.jpg?strip=info&#038;w=900 900w,https:\/\/i2.wp.com\/holzbau-mieckley.com\/wp-content\/uploads\/2024\/10\/Enno-Narten-Bau.jpg?strip=info&#038;w=920 920w\" alt=\"\" data-height=\"690\" data-id=\"90\" data-link=\"https:\/\/holzbau-mieckley.com\/ehrenamtliche-arbeit\/attachment\/enno-narten-bau\/\" data-url=\"https:\/\/holzbau-mieckley.com\/wp-content\/uploads\/2024\/10\/Enno-Narten-Bau.jpg\" data-width=\"920\" src=\"https:\/\/i2.wp.com\/holzbau-mieckley.com\/wp-content\/uploads\/2024\/10\/Enno-Narten-Bau.jpg\" data-amp-layout=\"responsive\" tabindex=\"0\" role=\"button\" aria-label=\"Bild\u00a01 von 6 im Vollbildmodus \u00f6ffnen\"\/><\/figure><\/div><div class=\"tiled-gallery__col\" style=\"flex-basis:33.36818%\"><figure class=\"tiled-gallery__item\"><img decoding=\"async\" srcset=\"https:\/\/i0.wp.com\/holzbau-mieckley.com\/wp-content\/uploads\/2024\/10\/Schaeferwagen-2-683x1024.jpg?strip=info&#038;w=600 600w,https:\/\/i0.wp.com\/holzbau-mieckley.com\/wp-content\/uploads\/2024\/10\/Schaeferwagen-2-683x1024.jpg?strip=info&#038;w=900 900w,https:\/\/i0.wp.com\/holzbau-mieckley.com\/wp-content\/uploads\/2024\/10\/Schaeferwagen-2-683x1024.jpg?strip=info&#038;w=1200 1200w,https:\/\/i0.wp.com\/holzbau-mieckley.com\/wp-content\/uploads\/2024\/10\/Schaeferwagen-2-683x1024.jpg?strip=info&#038;w=1365 1365w\" alt=\"\" data-height=\"2048\" data-id=\"85\" data-link=\"https:\/\/holzbau-mieckley.com\/ehrenamtliche-arbeit\/attachment\/schaeferwagen-2\/\" data-url=\"https:\/\/holzbau-mieckley.com\/wp-content\/uploads\/2024\/10\/Schaeferwagen-2-683x1024.jpg\" data-width=\"1365\" src=\"https:\/\/i0.wp.com\/holzbau-mieckley.com\/wp-content\/uploads\/2024\/10\/Schaeferwagen-2-683x1024.jpg\" data-amp-layout=\"responsive\" tabindex=\"0\" role=\"button\" aria-label=\"Bild\u00a02 von 6 im Vollbildmodus \u00f6ffnen\"\/><\/figure><\/div><\/div><div class=\"tiled-gallery__row\"><div class=\"tiled-gallery__col\" style=\"flex-basis:68.09781%\"><figure class=\"tiled-gallery__item\"><img decoding=\"async\" srcset=\"https:\/\/i2.wp.com\/holzbau-mieckley.com\/wp-content\/uploads\/2024\/10\/Schaeferwagen-1024x683.jpg?strip=info&#038;w=600 600w,https:\/\/i2.wp.com\/holzbau-mieckley.com\/wp-content\/uploads\/2024\/10\/Schaeferwagen-1024x683.jpg?strip=info&#038;w=900 900w,https:\/\/i2.wp.com\/holzbau-mieckley.com\/wp-content\/uploads\/2024\/10\/Schaeferwagen-1024x683.jpg?strip=info&#038;w=1200 1200w,https:\/\/i2.wp.com\/holzbau-mieckley.com\/wp-content\/uploads\/2024\/10\/Schaeferwagen-1024x683.jpg?strip=info&#038;w=1500 1500w,https:\/\/i2.wp.com\/holzbau-mieckley.com\/wp-content\/uploads\/2024\/10\/Schaeferwagen-1024x683.jpg?strip=info&#038;w=1800 1800w,https:\/\/i2.wp.com\/holzbau-mieckley.com\/wp-content\/uploads\/2024\/10\/Schaeferwagen-1024x683.jpg?strip=info&#038;w=2000 2000w\" alt=\"\" data-height=\"1365\" data-id=\"86\" data-link=\"https:\/\/holzbau-mieckley.com\/ehrenamtliche-arbeit\/attachment\/schaeferwagen\/\" data-url=\"https:\/\/holzbau-mieckley.com\/wp-content\/uploads\/2024\/10\/Schaeferwagen-1024x683.jpg\" data-width=\"2048\" src=\"https:\/\/i2.wp.com\/holzbau-mieckley.com\/wp-content\/uploads\/2024\/10\/Schaeferwagen-1024x683.jpg\" data-amp-layout=\"responsive\" tabindex=\"0\" role=\"button\" aria-label=\"Bild\u00a03 von 6 im Vollbildmodus \u00f6ffnen\"\/><\/figure><\/div><div class=\"tiled-gallery__col\" style=\"flex-basis:31.90219%\"><figure class=\"tiled-gallery__item\"><img decoding=\"async\" srcset=\"https:\/\/i2.wp.com\/holzbau-mieckley.com\/wp-content\/uploads\/2024\/10\/Johanneshammer-Dach-1024x683.jpg?strip=info&#038;w=600 600w,https:\/\/i2.wp.com\/holzbau-mieckley.com\/wp-content\/uploads\/2024\/10\/Johanneshammer-Dach-1024x683.jpg?strip=info&#038;w=900 900w,https:\/\/i2.wp.com\/holzbau-mieckley.com\/wp-content\/uploads\/2024\/10\/Johanneshammer-Dach-1024x683.jpg?strip=info&#038;w=1200 1200w,https:\/\/i2.wp.com\/holzbau-mieckley.com\/wp-content\/uploads\/2024\/10\/Johanneshammer-Dach-1024x683.jpg?strip=info&#038;w=1500 1500w,https:\/\/i2.wp.com\/holzbau-mieckley.com\/wp-content\/uploads\/2024\/10\/Johanneshammer-Dach-1024x683.jpg?strip=info&#038;w=1800 1800w,https:\/\/i2.wp.com\/holzbau-mieckley.com\/wp-content\/uploads\/2024\/10\/Johanneshammer-Dach-1024x683.jpg?strip=info&#038;w=2000 2000w\" alt=\"\" data-height=\"1360\" data-id=\"87\" data-link=\"https:\/\/holzbau-mieckley.com\/ehrenamtliche-arbeit\/attachment\/johanneshammer-dach\/\" data-url=\"https:\/\/holzbau-mieckley.com\/wp-content\/uploads\/2024\/10\/Johanneshammer-Dach-1024x683.jpg\" data-width=\"2040\" src=\"https:\/\/i2.wp.com\/holzbau-mieckley.com\/wp-content\/uploads\/2024\/10\/Johanneshammer-Dach-1024x683.jpg\" data-amp-layout=\"responsive\" tabindex=\"0\" role=\"button\" aria-label=\"Bild\u00a04 von 6 im Vollbildmodus \u00f6ffnen\"\/><\/figure><figure class=\"tiled-gallery__item\"><img decoding=\"async\" srcset=\"https:\/\/i0.wp.com\/holzbau-mieckley.com\/wp-content\/uploads\/2024\/10\/Johanneshammer.jpg?strip=info&#038;w=259 259w\" alt=\"\" data-height=\"194\" data-id=\"89\" data-link=\"https:\/\/holzbau-mieckley.com\/ehrenamtliche-arbeit\/attachment\/johanneshammer\/\" data-url=\"https:\/\/holzbau-mieckley.com\/wp-content\/uploads\/2024\/10\/Johanneshammer.jpg\" data-width=\"259\" src=\"https:\/\/i0.wp.com\/holzbau-mieckley.com\/wp-content\/uploads\/2024\/10\/Johanneshammer.jpg\" data-amp-layout=\"responsive\" tabindex=\"0\" role=\"button\" aria-label=\"Bild\u00a05 von 6 im Vollbildmodus \u00f6ffnen\"\/><\/figure><\/div><\/div><div class=\"tiled-gallery__row\"><div class=\"tiled-gallery__col\" style=\"flex-basis:100.00000%\"><figure class=\"tiled-gallery__item\"><img decoding=\"async\" srcset=\"https:\/\/i2.wp.com\/holzbau-mieckley.com\/wp-content\/uploads\/2024\/10\/Johanneshammer-2-1024x683.jpg?strip=info&#038;w=600 600w,https:\/\/i2.wp.com\/holzbau-mieckley.com\/wp-content\/uploads\/2024\/10\/Johanneshammer-2-1024x683.jpg?strip=info&#038;w=900 900w,https:\/\/i2.wp.com\/holzbau-mieckley.com\/wp-content\/uploads\/2024\/10\/Johanneshammer-2-1024x683.jpg?strip=info&#038;w=1200 1200w,https:\/\/i2.wp.com\/holzbau-mieckley.com\/wp-content\/uploads\/2024\/10\/Johanneshammer-2-1024x683.jpg?strip=info&#038;w=1500 1500w,https:\/\/i2.wp.com\/holzbau-mieckley.com\/wp-content\/uploads\/2024\/10\/Johanneshammer-2-1024x683.jpg?strip=info&#038;w=1800 1800w,https:\/\/i2.wp.com\/holzbau-mieckley.com\/wp-content\/uploads\/2024\/10\/Johanneshammer-2-1024x683.jpg?strip=info&#038;w=2000 2000w\" alt=\"\" data-height=\"1360\" data-id=\"88\" data-link=\"https:\/\/holzbau-mieckley.com\/ehrenamtliche-arbeit\/attachment\/johanneshammer-2\/\" data-url=\"https:\/\/holzbau-mieckley.com\/wp-content\/uploads\/2024\/10\/Johanneshammer-2-1024x683.jpg\" data-width=\"2040\" src=\"https:\/\/i2.wp.com\/holzbau-mieckley.com\/wp-content\/uploads\/2024\/10\/Johanneshammer-2-1024x683.jpg\" data-amp-layout=\"responsive\" tabindex=\"0\" role=\"button\" aria-label=\"Bild\u00a06 von 6 im Vollbildmodus \u00f6ffnen\"\/><\/figure><\/div><\/div><\/div><\/div><\/div>\n","protected":false},"excerpt":{"rendered":"<p>Engagement f\u00fcr Kinder und Jugendliche Als Familienvater und Ehrenamtler engagiere ich mich f\u00fcr Kinder und Jugendliche. Durch das Reisen und Erwandern bekannter und fremder Kulturr\u00e4ume wird das Selbstbewusstsein und die Weitsicht gest\u00e4rkt. In gemeinsamen Bauprojekten f\u00f6rdere ich das Selbstbewusstsein und die F\u00e4higkeit, mit eigenen H\u00e4nden Dinge zu erschaffen! Das macht&#8230; <a class=\"continue-reading-link\" href=\"https:\/\/holzbau-mieckley.com\/?page_id=63\">Continue reading<\/a><\/p>\n","protected":false},"author":1,"featured_media":0,"parent":0,"menu_order":0,"comment_status":"closed","ping_status":"closed","template":"","meta":{"footnotes":""},"class_list":["post-63","page","type-page","status-publish","hentry"],"jetpack_sharing_enabled":true,"_links":{"self":[{"href":"https:\/\/holzbau-mieckley.com\/index.php?rest_route=\/wp\/v2\/pages\/63","targetHints":{"allow":["GET"]}}],"collection":[{"href":"https:\/\/holzbau-mieckley.com\/index.php?rest_route=\/wp\/v2\/pages"}],"about":[{"href":"https:\/\/holzbau-mieckley.com\/index.php?rest_route=\/wp\/v2\/types\/page"}],"author":[{"embeddable":true,"href":"https:\/\/holzbau-mieckley.com\/index.php?rest_route=\/wp\/v2\/users\/1"}],"replies":[{"embeddable":true,"href":"https:\/\/holzbau-mieckley.com\/index.php?rest_route=%2Fwp%2Fv2%2Fcomments&post=63"}],"version-history":[{"count":4,"href":"https:\/\/holzbau-mieckley.com\/index.php?rest_route=\/wp\/v2\/pages\/63\/revisions"}],"predecessor-version":[{"id":136,"href":"https:\/\/holzbau-mieckley.com\/index.php?rest_route=\/wp\/v2\/pages\/63\/revisions\/136"}],"wp:attachment":[{"href":"https:\/\/holzbau-mieckley.com\/index.php?rest_route=%2Fwp%2Fv2%2Fmedia&parent=63"}],"curies":[{"name":"wp","href":"https:\/\/api.w.org\/{rel}","templated":true}]}}